{"id":2,"date":"2025-03-06T22:57:59","date_gmt":"2025-03-06T22:57:59","guid":{"rendered":"http:\/\/_\/?page_id=2"},"modified":"2025-06-24T10:12:49","modified_gmt":"2025-06-24T14:12:49","slug":"configuraciones-manuales","status":"publish","type":"page","link":"https:\/\/lsv.iaetve.org\/?page_id=2","title":{"rendered":"Configuraciones Manuales"},"content":{"rendered":"\t\t<div data-elementor-type=\"wp-page\" data-elementor-id=\"2\" class=\"elementor elementor-2\">\n\t\t\t\t<div class=\"elementor-element elementor-element-55b9df50 e-flex e-con-boxed e-con e-parent\" data-id=\"55b9df50\" data-element_type=\"container\">\n\t\t\t\t\t<div class=\"e-con-inner\">\n\t\t\t\t<div class=\"elementor-element elementor-element-7d7b52aa elementor-widget elementor-widget-text-editor\" data-id=\"7d7b52aa\" data-element_type=\"widget\" data-widget_type=\"text-editor.default\">\n\t\t\t\t<div class=\"elementor-widget-container\">\n\t\t\t\t\t\t\t\t\t\n<p>en el contexto del aprendizaje de Lengua de Se\u00f1as, las <strong>configuraciones manuales<\/strong> se refieren a la forma que adopta la mano al realizar un signo, de forma individual o conjunta con la otra mano. Involucran la disposici\u00f3n tanto de los dedos como de la mano y se utiliza para crear una se\u00f1a espec\u00edfica.<\/p>\n<p>Cada se\u00f1a puede tiene una configuraci\u00f3n manual diferente, y por ello, estas configuraciones son un componente crucial para la comunicaci\u00f3n en lengua de se\u00f1as, y tambi\u00e9n para cualquier proceso de aprendizaje derivado de \u00e9ste.<\/p>\n<p>A continuaci\u00f3n se presenta un Orden por Configuraci\u00f3n Manual, preparado por Javier Ram\u00edrez y Yuliana Carre\u00f1o en el marco del proyecto de generaci\u00f3n de un Traductor de LSV.\u00a0<\/p>\n\t\t\t\t\t\t\t\t<\/div>\n\t\t\t\t<\/div>\n\t\t\t\t\t<\/div>\n\t\t\t\t<\/div>\n\t\t<div class=\"elementor-element elementor-element-d42c661 e-flex e-con-boxed e-con e-parent\" data-id=\"d42c661\" data-element_type=\"container\">\n\t\t\t\t\t<div class=\"e-con-inner\">\n\t\t\t\t<div class=\"elementor-element elementor-element-54315a4 elementor-widget elementor-widget-text-editor\" data-id=\"54315a4\" data-element_type=\"widget\" data-widget_type=\"text-editor.default\">\n\t\t\t\t<div class=\"elementor-widget-container\">\n\t\t\t\t\t\t\t\t\t<p>El orden por configuraci\u00f3n en un diccionario manual de LSV. En proceso.<\/p>\t\t\t\t\t\t\t\t<\/div>\n\t\t\t\t<\/div>\n\t\t\t\t\t<\/div>\n\t\t\t\t<\/div>\n\t\t\t\t<\/div>\n\t\t","protected":false},"excerpt":{"rendered":"<p>en el contexto del aprendizaje de Lengua de Se\u00f1as, las configuraciones manuales se refieren a&hellip;<\/p>\n","protected":false},"author":1,"featured_media":0,"parent":0,"menu_order":0,"comment_status":"closed","ping_status":"closed","template":"","meta":{"footnotes":""},"class_list":["post-2","page","type-page","status-publish","hentry"],"_links":{"self":[{"href":"https:\/\/lsv.iaetve.org\/index.php?rest_route=\/wp\/v2\/pages\/2","targetHints":{"allow":["GET"]}}],"collection":[{"href":"https:\/\/lsv.iaetve.org\/index.php?rest_route=\/wp\/v2\/pages"}],"about":[{"href":"https:\/\/lsv.iaetve.org\/index.php?rest_route=\/wp\/v2\/types\/page"}],"author":[{"embeddable":true,"href":"https:\/\/lsv.iaetve.org\/index.php?rest_route=\/wp\/v2\/users\/1"}],"replies":[{"embeddable":true,"href":"https:\/\/lsv.iaetve.org\/index.php?rest_route=%2Fwp%2Fv2%2Fcomments&post=2"}],"version-history":[{"count":7,"href":"https:\/\/lsv.iaetve.org\/index.php?rest_route=\/wp\/v2\/pages\/2\/revisions"}],"predecessor-version":[{"id":142,"href":"https:\/\/lsv.iaetve.org\/index.php?rest_route=\/wp\/v2\/pages\/2\/revisions\/142"}],"wp:attachment":[{"href":"https:\/\/lsv.iaetve.org\/index.php?rest_route=%2Fwp%2Fv2%2Fmedia&parent=2"}],"curies":[{"name":"wp","href":"https:\/\/api.w.org\/{rel}","templated":true}]}}