{"id":7,"date":"2025-03-07T02:05:44","date_gmt":"2025-03-07T02:05:44","guid":{"rendered":"https:\/\/lsv.iaetve.org\/?page_id=7"},"modified":"2025-06-18T12:11:51","modified_gmt":"2025-06-18T16:11:51","slug":"home","status":"publish","type":"page","link":"https:\/\/lsv.iaetve.org\/","title":{"rendered":"IAET &#8211; LSV"},"content":{"rendered":"\n<div class=\"wp-block-cover alignfull is-light hero-pattern\" style=\"min-height:34rem;aspect-ratio:unset;\"><span aria-hidden=\"true\" class=\"wp-block-cover__background has-background-dim-100 has-background-dim\" style=\"background-color:#f5f7fa\"><\/span><div class=\"wp-block-cover__inner-container is-layout-flow wp-block-cover-is-layout-flow\">\n<div class=\"wp-block-group is-layout-constrained wp-block-group-is-layout-constrained\">\n<div class=\"wp-block-columns alignwide p-animation-text-moveUp is-layout-flex wp-container-core-columns-is-layout-1b715042 wp-block-columns-is-layout-flex\">\n<div class=\"wp-block-column is-vertically-aligned-center is-layout-flow wp-block-column-is-layout-flow\">\n<h1 class=\"wp-block-heading has-text-primary-color has-text-color\">Miradas transdisciplinares<\/h1>\n\n\n\n<div style=\"height:8px\" aria-hidden=\"true\" class=\"wp-block-spacer\"><\/div>\n\n\n\n<h2 class=\"wp-block-heading has-text-primary-color has-text-color\">para un entorno m\u00e1s inclusivo<\/h2>\n\n\n\n<div style=\"height:16px\" aria-hidden=\"true\" class=\"wp-block-spacer\"><\/div>\n\n\n\n<div class=\"wp-block-buttons is-layout-flex wp-block-buttons-is-layout-flex\">\n<div class=\"wp-block-button\"><a class=\"wp-block-button__link wp-element-button\" href=\"https:\/\/lsv.iaetve.org\/?page_id=9\"><span>S<\/span>aber m\u00e1s<\/a><\/div>\n<\/div>\n<\/div>\n\n\n\n<div class=\"wp-block-column is-vertically-aligned-center is-layout-flow wp-block-column-is-layout-flow\">\n<figure class=\"wp-block-image size-full\"><img fetchpriority=\"high\" decoding=\"async\" width=\"1024\" height=\"768\" src=\"https:\/\/lsv.iaetve.org\/wp-content\/uploads\/2025\/06\/JAVIER-1.png\" alt=\"\" class=\"wp-image-67\" srcset=\"https:\/\/lsv.iaetve.org\/wp-content\/uploads\/2025\/06\/JAVIER-1.png 1024w, https:\/\/lsv.iaetve.org\/wp-content\/uploads\/2025\/06\/JAVIER-1-300x225.png 300w, https:\/\/lsv.iaetve.org\/wp-content\/uploads\/2025\/06\/JAVIER-1-768x576.png 768w\" sizes=\"(max-width: 1024px) 100vw, 1024px\" \/><\/figure>\n<\/div>\n<\/div>\n<\/div>\n<\/div><\/div>\n\n\n\n<div class=\"wp-block-group is-layout-constrained wp-block-group-is-layout-constrained\" style=\"padding-top:var(--wp--preset--spacing--large);padding-bottom:var(--wp--preset--spacing--large)\">\n<h2 class=\"wp-block-heading has-text-align-center p-animation-moveUp\" style=\"letter-spacing:-0.03em;line-height:1.1;text-transform:none\">Tecnolog\u00edas disruptivas al servicio de la inclusi\u00f3n<\/h2>\n\n\n\n<p class=\"has-text-align-center p-animation-moveUp\">Aplicaciones de IA para justicia social<\/p>\n\n\n\n<div style=\"height:23px\" aria-hidden=\"true\" class=\"wp-block-spacer\"><\/div>\n\n\n\n<div class=\"wp-block-columns p-animation-text-moveUp is-layout-flex wp-container-core-columns-is-layout-318252f0 wp-block-columns-is-layout-flex\">\n<div class=\"wp-block-column is-layout-flow wp-block-column-is-layout-flow\">\n<div class=\"wp-block-columns is-layout-flex wp-container-core-columns-is-layout-28f84493 wp-block-columns-is-layout-flex\">\n<div class=\"wp-block-column is-layout-flow wp-block-column-is-layout-flow\">\n<figure class=\"wp-block-image size-full has-custom-border\"><img decoding=\"async\" width=\"1080\" height=\"608\" src=\"https:\/\/lsv.iaetve.org\/wp-content\/uploads\/2025\/06\/Myriam-charla-CODA-1.jpeg\" alt=\"\" class=\"wp-image-75\" style=\"border-radius:6px\" srcset=\"https:\/\/lsv.iaetve.org\/wp-content\/uploads\/2025\/06\/Myriam-charla-CODA-1.jpeg 1080w, https:\/\/lsv.iaetve.org\/wp-content\/uploads\/2025\/06\/Myriam-charla-CODA-1-300x169.jpeg 300w, https:\/\/lsv.iaetve.org\/wp-content\/uploads\/2025\/06\/Myriam-charla-CODA-1-1024x576.jpeg 1024w, https:\/\/lsv.iaetve.org\/wp-content\/uploads\/2025\/06\/Myriam-charla-CODA-1-768x432.jpeg 768w\" sizes=\"(max-width: 1080px) 100vw, 1080px\" \/><\/figure>\n<\/div>\n<\/div>\n<\/div>\n\n\n\n<div class=\"wp-block-column is-vertically-aligned-center is-layout-flow wp-block-column-is-layout-flow\">\n<h3 class=\"wp-block-heading\" style=\"padding-bottom:var(--wp--preset--spacing--xx-small);letter-spacing:-0.02em;line-height:1.2\">Pensar el dise\u00f1o de soluciones de tecnolog\u00eda para<\/h3>\n\n\n\n<p>facilitar la incorporaci\u00f3n de personas con discapacidad(es) en distintos \u00e1mbitos de la vida, pasa por centrarlas en el ser humano y sus necesidades particulares.<\/p>\n\n\n\n<div class=\"wp-block-buttons is-layout-flex wp-block-buttons-is-layout-flex\">\n<div class=\"wp-block-button p-btn-animation-border-move\"><a class=\"wp-block-button__link wp-element-button\" href=\"https:\/\/lsv.iaetve.org\/?page_id=9\">Saber m\u00e1s<\/a><\/div>\n<\/div>\n<\/div>\n<\/div>\n<\/div>\n\n\n\n<div class=\"wp-block-group pattern-services is-layout-constrained wp-block-group-is-layout-constrained\" style=\"padding-top:var(--wp--preset--spacing--medium);padding-bottom:var(--wp--preset--spacing--medium)\">\n<h2 class=\"wp-block-heading has-text-align-center\">Proyecto Lengua de Se\u00f1as Venezolana<\/h2>\n\n\n\n<p class=\"has-text-align-center\">\u00a1Un gran proyecto que inspira a muchas personas!<\/p>\n\n\n\n<div style=\"height:1rem\" aria-hidden=\"true\" class=\"wp-block-spacer\"><\/div>\n\n\n\n<div class=\"wp-block-columns p-animation-move-sideways is-layout-flex wp-container-core-columns-is-layout-318252f0 wp-block-columns-is-layout-flex\">\n<div class=\"wp-block-column is-layout-flow wp-block-column-is-layout-flow\">\n<figure class=\"wp-block-image size-full\"><img decoding=\"async\" width=\"1024\" height=\"768\" src=\"https:\/\/lsv.iaetve.org\/wp-content\/uploads\/2025\/06\/JAVIER-Y-YULIANA.jpg\" alt=\"\" class=\"wp-image-72\" srcset=\"https:\/\/lsv.iaetve.org\/wp-content\/uploads\/2025\/06\/JAVIER-Y-YULIANA.jpg 1024w, https:\/\/lsv.iaetve.org\/wp-content\/uploads\/2025\/06\/JAVIER-Y-YULIANA-300x225.jpg 300w, https:\/\/lsv.iaetve.org\/wp-content\/uploads\/2025\/06\/JAVIER-Y-YULIANA-768x576.jpg 768w\" sizes=\"(max-width: 1024px) 100vw, 1024px\" \/><\/figure>\n\n\n\n<div class=\"wp-block-group has-gray-background-color has-background is-layout-constrained wp-container-core-group-is-layout-dbf27b9b wp-block-group-is-layout-constrained\" style=\"padding-top:var(--wp--preset--spacing--small);padding-right:var(--wp--preset--spacing--small);padding-bottom:var(--wp--preset--spacing--small);padding-left:var(--wp--preset--spacing--small)\">\n<h3 class=\"wp-block-heading\">Configuraciones manuales<\/h3>\n\n\n\n<p>Identificaci\u00f3n de movimientos manuales<\/p>\n<\/div>\n<\/div>\n\n\n\n<div class=\"wp-block-column is-layout-flow wp-block-column-is-layout-flow\">\n<figure class=\"wp-block-image size-full\"><img loading=\"lazy\" decoding=\"async\" width=\"1024\" height=\"768\" src=\"https:\/\/lsv.iaetve.org\/wp-content\/uploads\/2025\/06\/WhatsApp-Image-2025-06-17-at-9.25.32-AM-1.jpeg\" alt=\"\" class=\"wp-image-132\" srcset=\"https:\/\/lsv.iaetve.org\/wp-content\/uploads\/2025\/06\/WhatsApp-Image-2025-06-17-at-9.25.32-AM-1.jpeg 1024w, https:\/\/lsv.iaetve.org\/wp-content\/uploads\/2025\/06\/WhatsApp-Image-2025-06-17-at-9.25.32-AM-1-300x225.jpeg 300w, https:\/\/lsv.iaetve.org\/wp-content\/uploads\/2025\/06\/WhatsApp-Image-2025-06-17-at-9.25.32-AM-1-768x576.jpeg 768w\" sizes=\"(max-width: 1024px) 100vw, 1024px\" \/><\/figure>\n\n\n\n<div class=\"wp-block-group has-gray-background-color has-background is-layout-constrained wp-container-core-group-is-layout-dbf27b9b wp-block-group-is-layout-constrained\" style=\"padding-top:var(--wp--preset--spacing--small);padding-right:var(--wp--preset--spacing--small);padding-bottom:var(--wp--preset--spacing--small);padding-left:var(--wp--preset--spacing--small)\">\n<h3 class=\"wp-block-heading\">Divulgaci\u00f3n<\/h3>\n\n\n\n<p>Promoci\u00f3n de la incorporaci\u00f3n de personas sordas en distintos \u00e1mbitos<\/p>\n<\/div>\n<\/div>\n\n\n\n<div class=\"wp-block-column is-layout-flow wp-block-column-is-layout-flow\">\n<figure class=\"wp-block-image size-full\"><img loading=\"lazy\" decoding=\"async\" width=\"1024\" height=\"768\" src=\"https:\/\/lsv.iaetve.org\/wp-content\/uploads\/2025\/06\/JAVIER-2.jpg\" alt=\"\" class=\"wp-image-71\" srcset=\"https:\/\/lsv.iaetve.org\/wp-content\/uploads\/2025\/06\/JAVIER-2.jpg 1024w, https:\/\/lsv.iaetve.org\/wp-content\/uploads\/2025\/06\/JAVIER-2-300x225.jpg 300w, https:\/\/lsv.iaetve.org\/wp-content\/uploads\/2025\/06\/JAVIER-2-768x576.jpg 768w\" sizes=\"(max-width: 1024px) 100vw, 1024px\" \/><\/figure>\n\n\n\n<div class=\"wp-block-group has-gray-background-color has-background is-layout-constrained wp-container-core-group-is-layout-dbf27b9b wp-block-group-is-layout-constrained\" style=\"padding-top:var(--wp--preset--spacing--small);padding-right:var(--wp--preset--spacing--small);padding-bottom:var(--wp--preset--spacing--small);padding-left:var(--wp--preset--spacing--small)\">\n<h3 class=\"wp-block-heading\">Traductor de LSV<\/h3>\n\n\n\n<p>Dise\u00f1o de una herramienta de IA para facilitar la comunicaci\u00f3n entre personas sordas y oyentes<\/p>\n<\/div>\n<\/div>\n<\/div>\n\n\n\n<div style=\"height:2rem\" aria-hidden=\"true\" class=\"wp-block-spacer\"><\/div>\n<\/div>\n\n\n\n<p><\/p>\n","protected":false},"excerpt":{"rendered":"<p>Tecnolog\u00edas disruptivas al servicio de la inclusi\u00f3n Aplicaciones de IA para justicia social Pensar el&hellip;<\/p>\n","protected":false},"author":1,"featured_media":0,"parent":0,"menu_order":0,"comment_status":"closed","ping_status":"closed","template":"","meta":{"footnotes":""},"class_list":["post-7","page","type-page","status-publish","hentry"],"_links":{"self":[{"href":"https:\/\/lsv.iaetve.org\/index.php?rest_route=\/wp\/v2\/pages\/7","targetHints":{"allow":["GET"]}}],"collection":[{"href":"https:\/\/lsv.iaetve.org\/index.php?rest_route=\/wp\/v2\/pages"}],"about":[{"href":"https:\/\/lsv.iaetve.org\/index.php?rest_route=\/wp\/v2\/types\/page"}],"author":[{"embeddable":true,"href":"https:\/\/lsv.iaetve.org\/index.php?rest_route=\/wp\/v2\/users\/1"}],"replies":[{"embeddable":true,"href":"https:\/\/lsv.iaetve.org\/index.php?rest_route=%2Fwp%2Fv2%2Fcomments&post=7"}],"version-history":[{"count":11,"href":"https:\/\/lsv.iaetve.org\/index.php?rest_route=\/wp\/v2\/pages\/7\/revisions"}],"predecessor-version":[{"id":134,"href":"https:\/\/lsv.iaetve.org\/index.php?rest_route=\/wp\/v2\/pages\/7\/revisions\/134"}],"wp:attachment":[{"href":"https:\/\/lsv.iaetve.org\/index.php?rest_route=%2Fwp%2Fv2%2Fmedia&parent=7"}],"curies":[{"name":"wp","href":"https:\/\/api.w.org\/{rel}","templated":true}]}}